{"id":14,"date":"2021-03-19T09:32:01","date_gmt":"2021-03-19T09:32:01","guid":{"rendered":"https:\/\/woodenroute.ekarpaty.com\/?page_id=14"},"modified":"2021-12-15T23:15:44","modified_gmt":"2021-12-15T21:15:44","slug":"3d-tours","status":"publish","type":"page","link":"https:\/\/woodenroute.ekarpaty.com\/pl\/3d-tours\/","title":{"rendered":"3D wycieczki"},"content":{"rendered":"<p><\/p>\n<h2>Ko\u015bci\u00f3\u0142 Wniebowst\u0105pienia, Yasinya<\/h2>\n<p><iframe src=\"https:\/\/tourmkr.com\/F10CdXjaYw\/26149709p&amp;339.55h&amp;73.98t\" width=\"100%\" height=\"450\" allowfullscreen=\"allowfullscreen\"><\/iframe><br \/>\n&nbsp;<\/p>\n<h2>Ko\u015bci\u00f3\u0142 Zes\u0142ania Ducha \u015awi\u0119tego, Potelych<\/h2>\n<p><iframe src=\"https:\/\/tourmkr.com\/F10CdXjaYw\/25644491p&#038;29.23h&#038;73.83t\" width=\"100%\" height=\"450\" allowfullscreen=\"allowfullscreen\"><\/iframe><br \/>\n&nbsp;<\/p>\n<h2>Ko\u015bci\u00f3\u0142 Zes\u0142ania Ducha \u015awi\u0119tego, Rohatyn<\/h2>\n<p><iframe src=\"https:\/\/tourmkr.com\/F10CdXjaYw\/25643811p&#038;309.47h&#038;67.06t\" width=\"100%\" height=\"450\" allowfullscreen=\"allowfullscreen\"><\/iframe><br \/>\n&nbsp;<\/p>\n<h2>Ko\u015bci\u00f3\u0142 \u015awi\u0119tej Tr\u00f3jcy, \u017b\u00f3\u0142kwi<\/h2>\n<p><iframe src=\"https:\/\/tourmkr.com\/F10CdXjaYw\/25867216p&#038;352.89h&#038;76.58t\" width=\"100%\" height=\"450\" allowfullscreen=\"allowfullscreen\"><\/iframe><br \/>\n&nbsp;<\/p>\n<h2>Ko\u015bci\u00f3\u0142 Narodzenia Naj\u015bwi\u0119tszej Marii Panny, s. Kryworywnia<\/h2>\n<p><iframe src=\"https:\/\/tourmkr.com\/F10CdXjaYw\/34427731p&#038;255.22h&#038;64.21t\" width=\"100%\" height=\"450\" allowfullscreen=\"allowfullscreen\"><\/iframe><br \/>\n&nbsp;<\/p>\n<h2>Ko\u015bci\u00f3\u0142 Narodzenia Naj\u015bwi\u0119tszej Marii Panny, s. Dolny Verbizh<\/h2>\n<p><iframe src=\"https:\/\/tourmkr.com\/F10CdXjaYw\/25868708p&#038;327.30h&#038;75.66t\" width=\"100%\" height=\"450\" allowfullscreen=\"allowfullscreen\"><\/iframe><br \/>\n&nbsp;<\/p>\n<h2>Ko\u015bci\u00f3\u0142 Ducha \u015awi\u0119tego, Guklivy<\/h2>\n<p><iframe src=\"https:\/\/tourmkr.com\/F10CdXjaYw\/34428639p&#038;232.77h&#038;89.24t\" width=\"100%\" height=\"450\" allowfullscreen=\"allowfullscreen\"><\/iframe><br \/>\n&nbsp;<\/p>\n<h2>Ko\u015bci\u00f3\u0142 \u015bw. Jerzego, Drohobycz<\/h2>\n<p><iframe src=\"https:\/\/tourmkr.com\/F10CdXjaYw\/25581888p&#038;153.09h&#038;52.55t\" width=\"100%\" height=\"450\" allowfullscreen=\"allowfullscreen\"><\/iframe><br \/>\n&nbsp;<\/p>\n<h2>Ko\u015bci\u00f3\u0142 \u015bw. Miko\u0142aja Cudotw\u00f3rcy<\/h2>\n<p><iframe src=\"https:\/\/tourmkr.com\/F10CdXjaYw\/25581888p&#038;153.09h&#038;52.55t\" width=\"100%\" height=\"450\" allowfullscreen=\"allowfullscreen\"><\/iframe><br \/>\n&nbsp;<\/p>\n<h2>Ko\u015bci\u00f3\u0142 Katedry Naj\u015bwi\u0119tszej Marii Panny (\u015bw. Demetriusza), Matkiv<\/h2>\n<p><iframe src=\"https:\/\/tourmkr.com\/F10CdXjaYw\/25582102p&#038;49.85h&#038;80.51t\" width=\"100%\" height=\"450\" allowfullscreen=\"allowfullscreen\"><\/iframe><br \/>\n&nbsp;<\/p>\n<h2>Ko\u015bci\u00f3\u0142 katedry \u015bw. Micha\u0142a Archanio\u0142a, Jasenica-Zamkowa<\/h2>\n<p><iframe src=\"https:\/\/tourmkr.com\/F10CdXjaYw\/34428617p&#038;280.04h&#038;70.03t\" width=\"100%\" height=\"450\" allowfullscreen=\"allowfullscreen\"><\/iframe><br \/>\n&nbsp;<\/p>","protected":false},"excerpt":{"rendered":"<p>Ko\u015bci\u00f3\u0142 Wniebowst\u0105pienia, Yasinya &nbsp; Ko\u015bci\u00f3\u0142 Zes\u0142ania Ducha \u015awi\u0119tego, Potelych &nbsp; [&hellip;]<\/p>\n","protected":false},"author":1,"featured_media":0,"parent":0,"menu_order":0,"comment_status":"closed","ping_status":"closed","template":"","meta":{"footnotes":""},"class_list":["post-14","page","type-page","status-publish","hentry"],"yoast_head":"<!-- This site is optimized with the Yoast SEO plugin v26.3 - https:\/\/yoast.com\/wordpress\/plugins\/seo\/ -->\n<title>3D wycieczki - Carpathian Wooden Route<\/title>\n<meta name=\"robots\" content=\"index, follow, max-snippet:-1, max-image-preview:large, max-video-preview:-1\" \/>\n<link rel=\"canonical\" href=\"https:\/\/woodenroute.ekarpaty.com\/3d-tours\/\" \/>\n<meta property=\"og:locale\" content=\"pl_PL\" \/>\n<meta property=\"og:type\" content=\"article\" \/>\n<meta property=\"og:title\" content=\"3D wycieczki - Carpathian Wooden Route\" \/>\n<meta property=\"og:description\" content=\"Ko\u015bci\u00f3\u0142 Wniebowst\u0105pienia, Yasinya &nbsp; Ko\u015bci\u00f3\u0142 Zes\u0142ania Ducha \u015awi\u0119tego, Potelych &nbsp; [&hellip;]\" \/>\n<meta property=\"og:url\" content=\"https:\/\/woodenroute.ekarpaty.com\/3d-tours\/\" \/>\n<meta property=\"og:site_name\" content=\"Carpathian Wooden Route\" \/>\n<meta property=\"article:modified_time\" content=\"2021-12-15T21:15:44+00:00\" \/>\n<meta name=\"twitter:card\" content=\"summary_large_image\" \/>\n<meta name=\"twitter:label1\" content=\"Szacowany czas czytania\" \/>\n\t<meta name=\"twitter:data1\" content=\"2 minuty\" \/>\n<script type=\"application\/ld+json\" class=\"yoast-schema-graph\">{\"@context\":\"https:\/\/schema.org\",\"@graph\":[{\"@type\":\"WebPage\",\"@id\":\"https:\/\/woodenroute.ekarpaty.com\/3d-tours\/\",\"url\":\"https:\/\/woodenroute.ekarpaty.com\/3d-tours\/\",\"name\":\"[:ua]3D \u0442\u0443\u0440\u0438[:pl]3D wycieczki[:en]3D tours[:] - Carpathian Wooden Route\",\"isPartOf\":{\"@id\":\"https:\/\/woodenroute.ekarpaty.com\/#website\"},\"datePublished\":\"2021-03-19T09:32:01+00:00\",\"dateModified\":\"2021-12-15T21:15:44+00:00\",\"breadcrumb\":{\"@id\":\"https:\/\/woodenroute.ekarpaty.com\/3d-tours\/#breadcrumb\"},\"inLanguage\":\"pl-PL\",\"potentialAction\":[{\"@type\":\"ReadAction\",\"target\":[\"https:\/\/woodenroute.ekarpaty.com\/3d-tours\/\"]}]},{\"@type\":\"BreadcrumbList\",\"@id\":\"https:\/\/woodenroute.ekarpaty.com\/3d-tours\/#breadcrumb\",\"itemListElement\":[{\"@type\":\"ListItem\",\"position\":1,\"name\":\"Home\",\"item\":\"https:\/\/woodenroute.ekarpaty.com\/\"},{\"@type\":\"ListItem\",\"position\":2,\"name\":\"3D \u0442\u0443\u0440\u0438\"}]},{\"@type\":\"WebSite\",\"@id\":\"https:\/\/woodenroute.ekarpaty.com\/#website\",\"url\":\"https:\/\/woodenroute.ekarpaty.com\/\",\"name\":\"Carpathian Wooden Route\",\"description\":\"\u041f\u043e\u0434\u043e\u0440\u043e\u0436\u0456 \u041a\u0430\u0440\u043f\u0430\u0442\u0430\u043c\u0438\",\"potentialAction\":[{\"@type\":\"SearchAction\",\"target\":{\"@type\":\"EntryPoint\",\"urlTemplate\":\"https:\/\/woodenroute.ekarpaty.com\/?s={search_term_string}\"},\"query-input\":{\"@type\":\"PropertyValueSpecification\",\"valueRequired\":true,\"valueName\":\"search_term_string\"}}],\"inLanguage\":\"pl-PL\"}]}<\/script>\n<!-- \/ Yoast SEO plugin. -->","yoast_head_json":{"title":"3D wycieczki - Carpathian Wooden Route","robots":{"index":"index","follow":"follow","max-snippet":"max-snippet:-1","max-image-preview":"max-image-preview:large","max-video-preview":"max-video-preview:-1"},"canonical":"https:\/\/woodenroute.ekarpaty.com\/3d-tours\/","og_locale":"pl_PL","og_type":"article","og_title":"3D wycieczki - Carpathian Wooden Route","og_description":"Ko\u015bci\u00f3\u0142 Wniebowst\u0105pienia, Yasinya &nbsp; Ko\u015bci\u00f3\u0142 Zes\u0142ania Ducha \u015awi\u0119tego, Potelych &nbsp; [&hellip;]","og_url":"https:\/\/woodenroute.ekarpaty.com\/3d-tours\/","og_site_name":"Carpathian Wooden Route","article_modified_time":"2021-12-15T21:15:44+00:00","twitter_card":"summary_large_image","twitter_misc":{"Szacowany czas czytania":"2 minuty"},"schema":{"@context":"https:\/\/schema.org","@graph":[{"@type":"WebPage","@id":"https:\/\/woodenroute.ekarpaty.com\/3d-tours\/","url":"https:\/\/woodenroute.ekarpaty.com\/3d-tours\/","name":"[:ua]3D \u0442\u0443\u0440\u0438[:pl]3D wycieczki[:en]3D tours[:] - Carpathian Wooden Route","isPartOf":{"@id":"https:\/\/woodenroute.ekarpaty.com\/#website"},"datePublished":"2021-03-19T09:32:01+00:00","dateModified":"2021-12-15T21:15:44+00:00","breadcrumb":{"@id":"https:\/\/woodenroute.ekarpaty.com\/3d-tours\/#breadcrumb"},"inLanguage":"pl-PL","potentialAction":[{"@type":"ReadAction","target":["https:\/\/woodenroute.ekarpaty.com\/3d-tours\/"]}]},{"@type":"BreadcrumbList","@id":"https:\/\/woodenroute.ekarpaty.com\/3d-tours\/#breadcrumb","itemListElement":[{"@type":"ListItem","position":1,"name":"Home","item":"https:\/\/woodenroute.ekarpaty.com\/"},{"@type":"ListItem","position":2,"name":"3D \u0442\u0443\u0440\u0438"}]},{"@type":"WebSite","@id":"https:\/\/woodenroute.ekarpaty.com\/#website","url":"https:\/\/woodenroute.ekarpaty.com\/","name":"Carpathian Wooden Route","description":"\u041f\u043e\u0434\u043e\u0440\u043e\u0436\u0456 \u041a\u0430\u0440\u043f\u0430\u0442\u0430\u043c\u0438","potentialAction":[{"@type":"SearchAction","target":{"@type":"EntryPoint","urlTemplate":"https:\/\/woodenroute.ekarpaty.com\/?s={search_term_string}"},"query-input":{"@type":"PropertyValueSpecification","valueRequired":true,"valueName":"search_term_string"}}],"inLanguage":"pl-PL"}]}},"_links":{"self":[{"href":"https:\/\/woodenroute.ekarpaty.com\/pl\/wp-json\/wp\/v2\/pages\/14","targetHints":{"allow":["GET"]}}],"collection":[{"href":"https:\/\/woodenroute.ekarpaty.com\/pl\/wp-json\/wp\/v2\/pages"}],"about":[{"href":"https:\/\/woodenroute.ekarpaty.com\/pl\/wp-json\/wp\/v2\/types\/page"}],"author":[{"embeddable":true,"href":"https:\/\/woodenroute.ekarpaty.com\/pl\/wp-json\/wp\/v2\/users\/1"}],"replies":[{"embeddable":true,"href":"https:\/\/woodenroute.ekarpaty.com\/pl\/wp-json\/wp\/v2\/comments?post=14"}],"version-history":[{"count":5,"href":"https:\/\/woodenroute.ekarpaty.com\/pl\/wp-json\/wp\/v2\/pages\/14\/revisions"}],"predecessor-version":[{"id":2301,"href":"https:\/\/woodenroute.ekarpaty.com\/pl\/wp-json\/wp\/v2\/pages\/14\/revisions\/2301"}],"wp:attachment":[{"href":"https:\/\/woodenroute.ekarpaty.com\/pl\/wp-json\/wp\/v2\/media?parent=14"}],"curies":[{"name":"wp","href":"https:\/\/api.w.org\/{rel}","templated":true}]}}